{"id":1004,"date":"2025-06-30T14:41:23","date_gmt":"2025-06-30T12:41:23","guid":{"rendered":"https:\/\/lifeexpress.code-communication.be\/onze-waarden\/"},"modified":"2025-08-25T17:14:13","modified_gmt":"2025-08-25T15:14:13","slug":"onze-waarden","status":"publish","type":"page","link":"https:\/\/lifeexpress.code-communication.be\/nl\/onze-waarden\/","title":{"rendered":"Onze waarden"},"content":{"rendered":"\t\t<div data-elementor-type=\"wp-page\" data-elementor-id=\"1004\" class=\"elementor elementor-1004 elementor-65\" data-elementor-post-type=\"page\">\n\t\t\t\t<div class=\"elementor-element elementor-element-b88d8d6 e-flex e-con-boxed elementor-invisible e-con e-parent\" data-id=\"b88d8d6\" data-element_type=\"container\" data-settings=\"{&quot;animation&quot;:&quot;fadeInUp&quot;}\">\n\t\t\t\t\t<div class=\"e-con-inner\">\n\t\t\t\t<div class=\"elementor-element elementor-element-aa93ebe elementor-widget elementor-widget-heading\" data-id=\"aa93ebe\" data-element_type=\"widget\" data-widget_type=\"heading.default\">\n\t\t\t\t<div class=\"elementor-widget-container\">\n\t\t\t\t\t<h2 class=\"elementor-heading-title elementor-size-default\">Onze inzet gaat verder dan de formaliteiten<\/h2>\t\t\t\t<\/div>\n\t\t\t\t<\/div>\n\t\t\t\t<div class=\"elementor-element elementor-element-b2e4ab4 elementor-widget elementor-widget-heading\" data-id=\"b2e4ab4\" data-element_type=\"widget\" data-widget_type=\"heading.default\">\n\t\t\t\t<div class=\"elementor-widget-container\">\n\t\t\t\t\t<p class=\"elementor-heading-title elementor-size-default\">Bij Life Express vinden wij dat het vervoer van levende dieren of producten van dierlijke oorsprong niet kan worden gereduceerd tot een louter administratieve afhandeling.<\/p>\t\t\t\t<\/div>\n\t\t\t\t<\/div>\n\t\t\t\t<div class=\"elementor-element elementor-element-fee305c elementor-widget elementor-widget-text-editor\" data-id=\"fee305c\" data-element_type=\"widget\" data-widget_type=\"text-editor.default\">\n\t\t\t\t<div class=\"elementor-widget-container\">\n\t\t\t\t\t\t\t\t\t<p>Elke opdracht is voor ons een <strong>verantwoordelijkheid<\/strong>, een <strong>engagement voor het levende<\/strong>, en een eis tot <strong>absolute nauwkeurigheid<\/strong>.<\/p>\t\t\t\t\t\t\t\t<\/div>\n\t\t\t\t<\/div>\n\t\t\t\t\t<\/div>\n\t\t\t\t<\/div>\n\t\t<div class=\"elementor-element elementor-element-728f8de e-flex e-con-boxed e-con e-parent\" data-id=\"728f8de\" data-element_type=\"container\" data-settings=\"{&quot;background_background&quot;:&quot;classic&quot;}\">\n\t\t\t\t\t<div class=\"e-con-inner\">\n\t\t\t\t<div class=\"elementor-element elementor-element-3bc46f1 elementor-widget elementor-widget-heading\" data-id=\"3bc46f1\" data-element_type=\"widget\" data-widget_type=\"heading.default\">\n\t\t\t\t<div class=\"elementor-widget-container\">\n\t\t\t\t\t<h2 class=\"elementor-heading-title elementor-size-default\">Onze waarden sturen elk dossier, elke communicatie, elke beslissing op het terrein<\/h2>\t\t\t\t<\/div>\n\t\t\t\t<\/div>\n\t\t\t\t\t<\/div>\n\t\t\t\t<\/div>\n\t\t<div class=\"elementor-element elementor-element-22edae9 e-flex e-con-boxed e-con e-parent\" data-id=\"22edae9\" data-element_type=\"container\">\n\t\t\t\t\t<div class=\"e-con-inner\">\n\t\t<div class=\"elementor-element elementor-element-7f96b8f e-con-full e-flex e-con e-child\" data-id=\"7f96b8f\" data-element_type=\"container\">\n\t\t\t\t<div class=\"elementor-element elementor-element-bf281fc elementor-widget elementor-widget-heading\" data-id=\"bf281fc\" data-element_type=\"widget\" data-widget_type=\"heading.default\">\n\t\t\t\t<div class=\"elementor-widget-container\">\n\t\t\t\t\t<h2 class=\"elementor-heading-title elementor-size-default\">Dierenwelzijn<\/h2>\t\t\t\t<\/div>\n\t\t\t\t<\/div>\n\t\t\t\t<\/div>\n\t\t<div class=\"elementor-element elementor-element-1a296db e-con-full e-flex e-con e-child\" data-id=\"1a296db\" data-element_type=\"container\">\n\t\t\t\t<div class=\"elementor-element elementor-element-0c4d3d5 elementor-widget elementor-widget-text-editor\" data-id=\"0c4d3d5\" data-element_type=\"widget\" data-widget_type=\"text-editor.default\">\n\t\t\t\t<div class=\"elementor-widget-container\">\n\t\t\t\t\t\t\t\t\t<p>Respect voor dieren staat centraal in onze activiteiten.<br>Wij zorgen ervoor dat elke stap \u2013 van inklaring tot logistieke co\u00f6rdinatie \u2013 plaatsvindt in aangepaste, rustige en veilige omstandigheden.<br>Onze kennis van de sector en onze directe samenwerking met offici\u00eble dierenartsen garanderen een zorgvuldige en verantwoorde opvolging.<\/p>\t\t\t\t\t\t\t\t<\/div>\n\t\t\t\t<\/div>\n\t\t\t\t<\/div>\n\t\t\t\t\t<\/div>\n\t\t\t\t<\/div>\n\t\t<div class=\"elementor-element elementor-element-11e56d3 e-flex e-con-boxed e-con e-parent\" data-id=\"11e56d3\" data-element_type=\"container\">\n\t\t\t\t\t<div class=\"e-con-inner\">\n\t\t<div class=\"elementor-element elementor-element-c9d4bf8 e-con-full e-flex e-con e-child\" data-id=\"c9d4bf8\" data-element_type=\"container\">\n\t\t\t\t<div class=\"elementor-element elementor-element-548b331 elementor-widget elementor-widget-heading\" data-id=\"548b331\" data-element_type=\"widget\" data-widget_type=\"heading.default\">\n\t\t\t\t<div class=\"elementor-widget-container\">\n\t\t\t\t\t<h2 class=\"elementor-heading-title elementor-size-default\">Nauwkeurigheid en conformiteit<\/h2>\t\t\t\t<\/div>\n\t\t\t\t<\/div>\n\t\t\t\t<\/div>\n\t\t<div class=\"elementor-element elementor-element-ec9fdce e-con-full e-flex e-con e-child\" data-id=\"ec9fdce\" data-element_type=\"container\">\n\t\t\t\t<div class=\"elementor-element elementor-element-46dbe9f elementor-widget elementor-widget-text-editor\" data-id=\"46dbe9f\" data-element_type=\"widget\" data-widget_type=\"text-editor.default\">\n\t\t\t\t<div class=\"elementor-widget-container\">\n\t\t\t\t\t\t\t\t\t<p>Wij behandelen gevoelige stromen die onderworpen zijn aan strikte normen.<br>Daarom wordt <strong>elk document, elke procedure en elke controle<\/strong> met de grootste aandacht beheerd.<br>Onze ervaring op het terrein stelt ons in staat <strong>risico\u2019s te anticiperen<\/strong>, fouten te vermijden en <strong>volledige naleving<\/strong> in elke fase te garanderen.<\/p>\t\t\t\t\t\t\t\t<\/div>\n\t\t\t\t<\/div>\n\t\t\t\t<\/div>\n\t\t\t\t\t<\/div>\n\t\t\t\t<\/div>\n\t\t<div class=\"elementor-element elementor-element-db42d2a e-flex e-con-boxed e-con e-parent\" data-id=\"db42d2a\" data-element_type=\"container\">\n\t\t\t\t\t<div class=\"e-con-inner\">\n\t\t<div class=\"elementor-element elementor-element-fce54b7 e-con-full e-flex e-con e-child\" data-id=\"fce54b7\" data-element_type=\"container\">\n\t\t\t\t<div class=\"elementor-element elementor-element-a130ed0 elementor-widget elementor-widget-heading\" data-id=\"a130ed0\" data-element_type=\"widget\" data-widget_type=\"heading.default\">\n\t\t\t\t<div class=\"elementor-widget-container\">\n\t\t\t\t\t<h2 class=\"elementor-heading-title elementor-size-default\">Reactiesnelheid en 24\/7 beschikbaarheid<\/h2>\t\t\t\t<\/div>\n\t\t\t\t<\/div>\n\t\t\t\t<\/div>\n\t\t<div class=\"elementor-element elementor-element-e3487d7 e-con-full e-flex e-con e-child\" data-id=\"e3487d7\" data-element_type=\"container\">\n\t\t\t\t<div class=\"elementor-element elementor-element-c3b5b10 elementor-widget elementor-widget-text-editor\" data-id=\"c3b5b10\" data-element_type=\"widget\" data-widget_type=\"text-editor.default\">\n\t\t\t\t<div class=\"elementor-widget-container\">\n\t\t\t\t\t\t\t\t\t<p>In deze sector komen spoedgevallen vaak voor en zijn deadlines niet onderhandelbaar.<br>Wij zijn te <strong>allen tijde bereikbaar<\/strong> \u2013 overdag, \u2019s nachts, in het weekend en op feestdagen. Blokkade ? Wij treden snel op, discreet en effici\u00ebnt.<\/p>\t\t\t\t\t\t\t\t<\/div>\n\t\t\t\t<\/div>\n\t\t\t\t<\/div>\n\t\t\t\t\t<\/div>\n\t\t\t\t<\/div>\n\t\t<div class=\"elementor-element elementor-element-a26e10b e-flex e-con-boxed e-con e-parent\" data-id=\"a26e10b\" data-element_type=\"container\">\n\t\t\t\t\t<div class=\"e-con-inner\">\n\t\t<div class=\"elementor-element elementor-element-83fa14e e-con-full e-flex e-con e-child\" data-id=\"83fa14e\" data-element_type=\"container\">\n\t\t\t\t<div class=\"elementor-element elementor-element-75439aa elementor-widget elementor-widget-heading\" data-id=\"75439aa\" data-element_type=\"widget\" data-widget_type=\"heading.default\">\n\t\t\t\t<div class=\"elementor-widget-container\">\n\t\t\t\t\t<h2 class=\"elementor-heading-title elementor-size-default\">Klantgerichtheid en persoonlijke begeleiding<\/h2>\t\t\t\t<\/div>\n\t\t\t\t<\/div>\n\t\t\t\t<\/div>\n\t\t<div class=\"elementor-element elementor-element-6514c12 e-con-full e-flex e-con e-child\" data-id=\"6514c12\" data-element_type=\"container\">\n\t\t\t\t<div class=\"elementor-element elementor-element-452e9ea elementor-widget elementor-widget-text-editor\" data-id=\"452e9ea\" data-element_type=\"widget\" data-widget_type=\"text-editor.default\">\n\t\t\t\t<div class=\"elementor-widget-container\">\n\t\t\t\t\t\t\t\t\t<p>Elke klant is uniek, elke zending ook.<br>Wij bieden een <strong>individuele opvolging<\/strong> met \u00e9\u00e9n enkel aanspreekpunt, in staat om te antwoorden, te handelen en te co\u00f6rdineren.<br>Onze aanpak is eenvoudig: <strong>luisteren, anticiperen, aanpassen<\/strong>.<\/p>\t\t\t\t\t\t\t\t<\/div>\n\t\t\t\t<\/div>\n\t\t\t\t<\/div>\n\t\t\t\t\t<\/div>\n\t\t\t\t<\/div>\n\t\t<div class=\"elementor-element elementor-element-6df9bc7 e-flex e-con-boxed e-con e-parent\" data-id=\"6df9bc7\" data-element_type=\"container\">\n\t\t\t\t\t<div class=\"e-con-inner\">\n\t\t<div class=\"elementor-element elementor-element-36ce50a e-con-full e-flex e-con e-child\" data-id=\"36ce50a\" data-element_type=\"container\">\n\t\t\t\t<div class=\"elementor-element elementor-element-9409b99 elementor-widget elementor-widget-heading\" data-id=\"9409b99\" data-element_type=\"widget\" data-widget_type=\"heading.default\">\n\t\t\t\t<div class=\"elementor-widget-container\">\n\t\t\t\t\t<h2 class=\"elementor-heading-title elementor-size-default\">Lokale aanwezigheid, internationale reikwijdte<\/h2>\t\t\t\t<\/div>\n\t\t\t\t<\/div>\n\t\t\t\t<\/div>\n\t\t<div class=\"elementor-element elementor-element-49bbf5d e-con-full e-flex e-con e-child\" data-id=\"49bbf5d\" data-element_type=\"container\">\n\t\t\t\t<div class=\"elementor-element elementor-element-05cd89b elementor-widget elementor-widget-text-editor\" data-id=\"05cd89b\" data-element_type=\"widget\" data-widget_type=\"text-editor.default\">\n\t\t\t\t<div class=\"elementor-widget-container\">\n\t\t\t\t\t\t\t\t\t<p>Gevestigd op <strong>Li\u00e8ge Airport<\/strong>, in het hart van een Europees logistiek knooppunt, werken wij dagelijks samen met de spelers op het terrein: douane, PCF, afhandelaars, Horse Inn, maatschappijen.<br>Onze kennis van de netwerken en luchthavenprocessen stelt ons in staat zendingen te beheren in heel Belgi\u00eb en zelfs daarbuiten.<\/p>\t\t\t\t\t\t\t\t<\/div>\n\t\t\t\t<\/div>\n\t\t\t\t<\/div>\n\t\t\t\t\t<\/div>\n\t\t\t\t<\/div>\n\t\t<div class=\"elementor-element elementor-element-a51df71 e-flex e-con-boxed e-con e-parent\" data-id=\"a51df71\" data-element_type=\"container\" data-settings=\"{&quot;background_background&quot;:&quot;classic&quot;}\">\n\t\t\t\t\t<div class=\"e-con-inner\">\n\t\t\t\t<div class=\"elementor-element elementor-element-3440c81 elementor-widget elementor-widget-heading\" data-id=\"3440c81\" data-element_type=\"widget\" data-widget_type=\"heading.default\">\n\t\t\t\t<div class=\"elementor-widget-container\">\n\t\t\t\t\t<h2 class=\"elementor-heading-title elementor-size-default\">Heeft u begeleiding of een snelle interventie nodig&nbsp;?<\/h2>\t\t\t\t<\/div>\n\t\t\t\t<\/div>\n\t\t\t\t<div class=\"elementor-element elementor-element-955ef60 elementor-widget elementor-widget-text-editor\" data-id=\"955ef60\" data-element_type=\"widget\" data-widget_type=\"text-editor.default\">\n\t\t\t\t<div class=\"elementor-widget-container\">\n\t\t\t\t\t\t\t\t\t<p>Neem contact met ons op voor een gepersonaliseerde offerte of dringende behandeling.<\/p>\t\t\t\t\t\t\t\t<\/div>\n\t\t\t\t<\/div>\n\t\t\t\t<div class=\"elementor-element elementor-element-2f56711 elementor-mobile-align-center elementor-align-center elementor-widget elementor-widget-button\" data-id=\"2f56711\" data-element_type=\"widget\" data-widget_type=\"button.default\">\n\t\t\t\t<div class=\"elementor-widget-container\">\n\t\t\t\t\t\t\t\t\t<div class=\"elementor-button-wrapper\">\n\t\t\t\t\t<a class=\"elementor-button elementor-button-link elementor-size-sm\" href=\"https:\/\/lifeexpress.code-communication.be\/nl\/contact\/\">\n\t\t\t\t\t\t<span class=\"elementor-button-content-wrapper\">\n\t\t\t\t\t\t\t\t\t<span class=\"elementor-button-text\">Neem contact met ons op<\/span>\n\t\t\t\t\t<\/span>\n\t\t\t\t\t<\/a>\n\t\t\t\t<\/div>\n\t\t\t\t\t\t\t\t<\/div>\n\t\t\t\t<\/div>\n\t\t\t\t\t<\/div>\n\t\t\t\t<\/div>\n\t\t\t\t<\/div>\n\t\t","protected":false},"excerpt":{"rendered":"<p>Onze inzet gaat verder dan de formaliteiten Bij Life Express vinden wij dat het vervoer van levende dieren of producten van dierlijke oorsprong niet kan worden gereduceerd tot een louter administratieve afhandeling. Elke opdracht is voor ons een verantwoordelijkheid, een engagement voor het levende, en een eis tot absolute nauwkeurigheid. Onze waarden sturen elk dossier, [&hellip;]<\/p>\n","protected":false},"author":1,"featured_media":431,"parent":0,"menu_order":0,"comment_status":"closed","ping_status":"closed","template":"","meta":{"footnotes":""},"class_list":["post-1004","page","type-page","status-publish","has-post-thumbnail","hentry"],"_links":{"self":[{"href":"https:\/\/lifeexpress.code-communication.be\/nl\/wp-json\/wp\/v2\/pages\/1004","targetHints":{"allow":["GET"]}}],"collection":[{"href":"https:\/\/lifeexpress.code-communication.be\/nl\/wp-json\/wp\/v2\/pages"}],"about":[{"href":"https:\/\/lifeexpress.code-communication.be\/nl\/wp-json\/wp\/v2\/types\/page"}],"author":[{"embeddable":true,"href":"https:\/\/lifeexpress.code-communication.be\/nl\/wp-json\/wp\/v2\/users\/1"}],"replies":[{"embeddable":true,"href":"https:\/\/lifeexpress.code-communication.be\/nl\/wp-json\/wp\/v2\/comments?post=1004"}],"version-history":[{"count":2,"href":"https:\/\/lifeexpress.code-communication.be\/nl\/wp-json\/wp\/v2\/pages\/1004\/revisions"}],"predecessor-version":[{"id":1013,"href":"https:\/\/lifeexpress.code-communication.be\/nl\/wp-json\/wp\/v2\/pages\/1004\/revisions\/1013"}],"wp:featuredmedia":[{"embeddable":true,"href":"https:\/\/lifeexpress.code-communication.be\/nl\/wp-json\/wp\/v2\/media\/431"}],"wp:attachment":[{"href":"https:\/\/lifeexpress.code-communication.be\/nl\/wp-json\/wp\/v2\/media?parent=1004"}],"curies":[{"name":"wp","href":"https:\/\/api.w.org\/{rel}","templated":true}]}}