{"id":880,"date":"2025-06-30T14:42:05","date_gmt":"2025-06-30T12:42:05","guid":{"rendered":"https:\/\/lifeexpress.code-communication.be\/nachrichten\/"},"modified":"2025-08-21T10:05:51","modified_gmt":"2025-08-21T08:05:51","slug":"nachrichten","status":"publish","type":"page","link":"https:\/\/lifeexpress.code-communication.be\/de\/nachrichten\/","title":{"rendered":"Nachrichten"},"content":{"rendered":"\t\t<div data-elementor-type=\"wp-page\" data-elementor-id=\"880\" class=\"elementor elementor-880 elementor-71\" data-elementor-post-type=\"page\">\n\t\t\t\t<div class=\"elementor-element elementor-element-41703ed e-flex e-con-boxed e-con e-parent\" data-id=\"41703ed\" data-element_type=\"container\">\n\t\t\t\t\t<div class=\"e-con-inner\">\n\t\t\t\t<div class=\"elementor-element elementor-element-525878a elementor-grid-2 elementor-grid-tablet-2 elementor-grid-mobile-1 elementor-widget elementor-widget-loop-grid\" data-id=\"525878a\" data-element_type=\"widget\" data-settings=\"{&quot;template_id&quot;:235,&quot;columns&quot;:2,&quot;pagination_type&quot;:&quot;load_more_infinite_scroll&quot;,&quot;_skin&quot;:&quot;post&quot;,&quot;columns_tablet&quot;:&quot;2&quot;,&quot;columns_mobile&quot;:&quot;1&quot;,&quot;edit_handle_selector&quot;:&quot;[data-elementor-type=\\&quot;loop-item\\&quot;]&quot;,&quot;load_more_spinner&quot;:{&quot;value&quot;:&quot;fas fa-spinner&quot;,&quot;library&quot;:&quot;fa-solid&quot;},&quot;row_gap&quot;:{&quot;unit&quot;:&quot;px&quot;,&quot;size&quot;:&quot;&quot;,&quot;sizes&quot;:[]},&quot;row_gap_tablet&quot;:{&quot;unit&quot;:&quot;px&quot;,&quot;size&quot;:&quot;&quot;,&quot;sizes&quot;:[]},&quot;row_gap_mobile&quot;:{&quot;unit&quot;:&quot;px&quot;,&quot;size&quot;:&quot;&quot;,&quot;sizes&quot;:[]}}\" data-widget_type=\"loop-grid.post\">\n\t\t\t\t<div class=\"elementor-widget-container\">\n\t\t\t\t\t\t\t<div class=\"elementor-loop-container elementor-grid\" role=\"list\">\n\t\t<style id=\"loop-235\">.elementor-235 .elementor-element.elementor-element-fd4baa2{--display:flex;--flex-direction:column;--container-widget-width:100%;--container-widget-height:initial;--container-widget-flex-grow:0;--container-widget-align-self:initial;--flex-wrap-mobile:wrap;--gap:0px 0px;--row-gap:0px;--column-gap:0px;--overflow:hidden;--overlay-opacity:0.5;border-style:none;--border-style:none;--border-radius:0px 50px 0px 50px;box-shadow:0px 0px 10px 0px rgba(0,0,0,0.5);--padding-top:0px;--padding-bottom:0px;--padding-left:0px;--padding-right:0px;}.elementor-235 .elementor-element.elementor-element-fd4baa2:not(.elementor-motion-effects-element-type-background), .elementor-235 .elementor-element.elementor-element-fd4baa2 > .elementor-motion-effects-container > .elementor-motion-effects-layer{background-color:var( --e-global-color-5efc544 );}.elementor-235 .elementor-element.elementor-element-fd4baa2::before, .elementor-235 .elementor-element.elementor-element-fd4baa2 > .elementor-background-video-container::before, .elementor-235 .elementor-element.elementor-element-fd4baa2 > .e-con-inner > .elementor-background-video-container::before, .elementor-235 .elementor-element.elementor-element-fd4baa2 > .elementor-background-slideshow::before, .elementor-235 .elementor-element.elementor-element-fd4baa2 > .e-con-inner > .elementor-background-slideshow::before, .elementor-235 .elementor-element.elementor-element-fd4baa2 > .elementor-motion-effects-container > .elementor-motion-effects-layer::before{--background-overlay:'';}.elementor-235 .elementor-element.elementor-element-fd4baa2:hover{box-shadow:0px 0px 17px 0px rgba(0, 0, 0, 0.78);}.elementor-235 .elementor-element.elementor-element-0938754 img{height:272px;object-fit:cover;object-position:center center;}.elementor-235 .elementor-element.elementor-element-0938754:hover img{filter:brightness( 100% ) contrast( 100% ) saturate( 10% ) blur( 0px ) hue-rotate( 0deg );}.elementor-235 .elementor-element.elementor-element-22b411f{--display:flex;--flex-direction:column;--container-widget-width:100%;--container-widget-height:initial;--container-widget-flex-grow:0;--container-widget-align-self:initial;--flex-wrap-mobile:wrap;--justify-content:space-between;--gap:0px 0px;--row-gap:0px;--column-gap:0px;--padding-top:15px;--padding-bottom:15px;--padding-left:15px;--padding-right:15px;}.elementor-235 .elementor-element.elementor-element-9158527{text-align:center;}.elementor-235 .elementor-element.elementor-element-9158527 .elementor-heading-title{font-size:20px;color:var( --e-global-color-47a117d );}.elementor-235 .elementor-element.elementor-element-cfbf8b5 > .elementor-widget-container{margin:5px 0px 15px 0px;}.elementor-235 .elementor-element.elementor-element-cfbf8b5 .elementor-icon-list-items:not(.elementor-inline-items) .elementor-icon-list-item:not(:last-child){padding-bottom:calc(0px\/2);}.elementor-235 .elementor-element.elementor-element-cfbf8b5 .elementor-icon-list-items:not(.elementor-inline-items) .elementor-icon-list-item:not(:first-child){margin-top:calc(0px\/2);}.elementor-235 .elementor-element.elementor-element-cfbf8b5 .elementor-icon-list-items.elementor-inline-items .elementor-icon-list-item{margin-right:calc(0px\/2);margin-left:calc(0px\/2);}.elementor-235 .elementor-element.elementor-element-cfbf8b5 .elementor-icon-list-items.elementor-inline-items{margin-right:calc(-0px\/2);margin-left:calc(-0px\/2);}body.rtl .elementor-235 .elementor-element.elementor-element-cfbf8b5 .elementor-icon-list-items.elementor-inline-items .elementor-icon-list-item:after{left:calc(-0px\/2);}body:not(.rtl) .elementor-235 .elementor-element.elementor-element-cfbf8b5 .elementor-icon-list-items.elementor-inline-items .elementor-icon-list-item:after{right:calc(-0px\/2);}.elementor-235 .elementor-element.elementor-element-cfbf8b5 .elementor-icon-list-icon{width:14px;}.elementor-235 .elementor-element.elementor-element-cfbf8b5 .elementor-icon-list-icon i{font-size:14px;}.elementor-235 .elementor-element.elementor-element-cfbf8b5 .elementor-icon-list-icon svg{--e-icon-list-icon-size:14px;}.elementor-235 .elementor-element.elementor-element-cfbf8b5 .elementor-icon-list-text, .elementor-235 .elementor-element.elementor-element-cfbf8b5 .elementor-icon-list-text a{color:#ADADAD;}.elementor-235 .elementor-element.elementor-element-cfbf8b5 .elementor-icon-list-item{font-size:12px;}.elementor-235 .elementor-element.elementor-element-50b69f0 .elementor-widget-container{text-align:justify;color:var( --e-global-color-text );}.elementor-235 .elementor-element.elementor-element-8122a01 > .elementor-widget-container{margin:15px 0px 0px 0px;}.elementor-235 .elementor-element.elementor-element-8122a01{text-align:right;}.elementor-235 .elementor-element.elementor-element-8122a01 .elementor-heading-title{color:var( --e-global-color-47a117d );}.elementor-235 .elementor-element.elementor-element-8122a01 .elementor-heading-title a:hover, .elementor-235 .elementor-element.elementor-element-8122a01 .elementor-heading-title a:focus{color:var( --e-global-color-769078f );}<\/style>\t\t<div data-elementor-type=\"loop-item\" data-elementor-id=\"235\" class=\"elementor elementor-235 e-loop-item e-loop-item-619 post-619 post type-post status-publish format-standard has-post-thumbnail hentry category-non-categorise\" data-elementor-post-type=\"elementor_library\" data-custom-edit-handle=\"1\">\n\t\t\t<div class=\"elementor-element elementor-element-fd4baa2 e-flex e-con-boxed e-con e-parent\" data-id=\"fd4baa2\" data-element_type=\"container\" data-settings=\"{&quot;background_background&quot;:&quot;classic&quot;}\">\n\t\t\t\t\t<div class=\"e-con-inner\">\n\t\t\t\t<div class=\"elementor-element elementor-element-0938754 elementor-widget elementor-widget-theme-post-featured-image elementor-widget-image\" data-id=\"0938754\" data-element_type=\"widget\" data-widget_type=\"theme-post-featured-image.default\">\n\t\t\t\t<div class=\"elementor-widget-container\">\n\t\t\t\t\t\t\t\t\t\t\t\t\t\t\t<img fetchpriority=\"high\" decoding=\"async\" width=\"768\" height=\"512\" src=\"https:\/\/lifeexpress.code-communication.be\/wp-content\/uploads\/2025\/08\/lifeexpress_actu_infrastructure-liege-airport-768x512.webp\" class=\"attachment-medium_large size-medium_large wp-image-620\" alt=\"\" srcset=\"https:\/\/lifeexpress.code-communication.be\/wp-content\/uploads\/2025\/08\/lifeexpress_actu_infrastructure-liege-airport-768x512.webp 768w, https:\/\/lifeexpress.code-communication.be\/wp-content\/uploads\/2025\/08\/lifeexpress_actu_infrastructure-liege-airport-300x200.webp 300w, https:\/\/lifeexpress.code-communication.be\/wp-content\/uploads\/2025\/08\/lifeexpress_actu_infrastructure-liege-airport.webp 900w\" sizes=\"(max-width: 768px) 100vw, 768px\" \/>\t\t\t\t\t\t\t\t\t\t\t\t\t\t\t<\/div>\n\t\t\t\t<\/div>\n\t\t<div class=\"elementor-element elementor-element-22b411f e-con-full e-flex e-con e-child\" data-id=\"22b411f\" data-element_type=\"container\">\n\t\t\t\t<div class=\"elementor-element elementor-element-9158527 elementor-widget elementor-widget-theme-post-title elementor-page-title elementor-widget-heading\" data-id=\"9158527\" data-element_type=\"widget\" data-widget_type=\"theme-post-title.default\">\n\t\t\t\t<div class=\"elementor-widget-container\">\n\t\t\t\t\t<h3 class=\"elementor-heading-title elementor-size-default\">Li\u00e8ge Airport : des infrastructures modernis\u00e9es pour le transport d\u2019animaux vivants<\/h3>\t\t\t\t<\/div>\n\t\t\t\t<\/div>\n\t\t\t\t<div class=\"elementor-element elementor-element-cfbf8b5 elementor-align-center elementor-widget elementor-widget-post-info\" data-id=\"cfbf8b5\" data-element_type=\"widget\" data-widget_type=\"post-info.default\">\n\t\t\t\t<div class=\"elementor-widget-container\">\n\t\t\t\t\t\t\t<ul class=\"elementor-inline-items elementor-icon-list-items elementor-post-info\">\n\t\t\t\t\t\t\t\t<li class=\"elementor-icon-list-item elementor-repeater-item-86e3bc3 elementor-inline-item\" itemprop=\"datePublished\">\n\t\t\t\t\t\t<a href=\"https:\/\/lifeexpress.code-communication.be\/de\/2025\/08\/06\/\">\n\t\t\t\t\t\t\t\t\t\t\t\t\t\t<span class=\"elementor-icon-list-text elementor-post-info__item elementor-post-info__item--type-date\">\n\t\t\t\t\t\t\t\t\t\t<time>6 August 2025<\/time>\t\t\t\t\t<\/span>\n\t\t\t\t\t\t\t\t\t<\/a>\n\t\t\t\t<\/li>\n\t\t\t\t<\/ul>\n\t\t\t\t\t\t<\/div>\n\t\t\t\t<\/div>\n\t\t\t\t<div class=\"elementor-element elementor-element-50b69f0 elementor-widget elementor-widget-theme-post-excerpt\" data-id=\"50b69f0\" data-element_type=\"widget\" data-widget_type=\"theme-post-excerpt.default\">\n\t\t\t\t<div class=\"elementor-widget-container\">\n\t\t\t\t\tLe transport a\u00e9rien d\u2019animaux vivants et de marchandises sensibles impose des exigences strictes en mati\u00e8re de s\u00e9curit\u00e9\t\t\t\t<\/div>\n\t\t\t\t<\/div>\n\t\t\t\t<div class=\"elementor-element elementor-element-8122a01 elementor-widget elementor-widget-heading\" data-id=\"8122a01\" data-element_type=\"widget\" data-widget_type=\"heading.default\">\n\t\t\t\t<div class=\"elementor-widget-container\">\n\t\t\t\t\t<p class=\"elementor-heading-title elementor-size-default\"><a href=\"https:\/\/lifeexpress.code-communication.be\/de\/2025\/08\/06\/liege-airport-des-infrastructures-modernisees-pour-le-transport-danimaux-vivants\/\">En savoir plus...<\/a><\/p>\t\t\t\t<\/div>\n\t\t\t\t<\/div>\n\t\t\t\t<\/div>\n\t\t\t\t\t<\/div>\n\t\t\t\t<\/div>\n\t\t\t\t<\/div>\n\t\t\t\t<div data-elementor-type=\"loop-item\" data-elementor-id=\"235\" class=\"elementor elementor-235 e-loop-item e-loop-item-610 post-610 post type-post status-publish format-standard has-post-thumbnail hentry category-non-categorise\" data-elementor-post-type=\"elementor_library\" data-custom-edit-handle=\"1\">\n\t\t\t<div class=\"elementor-element elementor-element-fd4baa2 e-flex e-con-boxed e-con e-parent\" data-id=\"fd4baa2\" data-element_type=\"container\" data-settings=\"{&quot;background_background&quot;:&quot;classic&quot;}\">\n\t\t\t\t\t<div class=\"e-con-inner\">\n\t\t\t\t<div class=\"elementor-element elementor-element-0938754 elementor-widget elementor-widget-theme-post-featured-image elementor-widget-image\" data-id=\"0938754\" data-element_type=\"widget\" data-widget_type=\"theme-post-featured-image.default\">\n\t\t\t\t<div class=\"elementor-widget-container\">\n\t\t\t\t\t\t\t\t\t\t\t\t\t\t\t<img decoding=\"async\" width=\"768\" height=\"512\" src=\"https:\/\/lifeexpress.code-communication.be\/wp-content\/uploads\/2025\/08\/lifeexpress_actu_transport-afrique-768x512.webp\" class=\"attachment-medium_large size-medium_large wp-image-612\" alt=\"\" srcset=\"https:\/\/lifeexpress.code-communication.be\/wp-content\/uploads\/2025\/08\/lifeexpress_actu_transport-afrique-768x512.webp 768w, https:\/\/lifeexpress.code-communication.be\/wp-content\/uploads\/2025\/08\/lifeexpress_actu_transport-afrique-300x200.webp 300w, https:\/\/lifeexpress.code-communication.be\/wp-content\/uploads\/2025\/08\/lifeexpress_actu_transport-afrique.webp 900w\" sizes=\"(max-width: 768px) 100vw, 768px\" \/>\t\t\t\t\t\t\t\t\t\t\t\t\t\t\t<\/div>\n\t\t\t\t<\/div>\n\t\t<div class=\"elementor-element elementor-element-22b411f e-con-full e-flex e-con e-child\" data-id=\"22b411f\" data-element_type=\"container\">\n\t\t\t\t<div class=\"elementor-element elementor-element-9158527 elementor-widget elementor-widget-theme-post-title elementor-page-title elementor-widget-heading\" data-id=\"9158527\" data-element_type=\"widget\" data-widget_type=\"theme-post-title.default\">\n\t\t\t\t<div class=\"elementor-widget-container\">\n\t\t\t\t\t<h3 class=\"elementor-heading-title elementor-size-default\">Le transport a\u00e9rien d\u2019animaux vers l&#8217;Afrique au d\u00e9part de Li\u00e8ge Airport<\/h3>\t\t\t\t<\/div>\n\t\t\t\t<\/div>\n\t\t\t\t<div class=\"elementor-element elementor-element-cfbf8b5 elementor-align-center elementor-widget elementor-widget-post-info\" data-id=\"cfbf8b5\" data-element_type=\"widget\" data-widget_type=\"post-info.default\">\n\t\t\t\t<div class=\"elementor-widget-container\">\n\t\t\t\t\t\t\t<ul class=\"elementor-inline-items elementor-icon-list-items elementor-post-info\">\n\t\t\t\t\t\t\t\t<li class=\"elementor-icon-list-item elementor-repeater-item-86e3bc3 elementor-inline-item\" itemprop=\"datePublished\">\n\t\t\t\t\t\t<a href=\"https:\/\/lifeexpress.code-communication.be\/de\/2025\/08\/06\/\">\n\t\t\t\t\t\t\t\t\t\t\t\t\t\t<span class=\"elementor-icon-list-text elementor-post-info__item elementor-post-info__item--type-date\">\n\t\t\t\t\t\t\t\t\t\t<time>6 August 2025<\/time>\t\t\t\t\t<\/span>\n\t\t\t\t\t\t\t\t\t<\/a>\n\t\t\t\t<\/li>\n\t\t\t\t<\/ul>\n\t\t\t\t\t\t<\/div>\n\t\t\t\t<\/div>\n\t\t\t\t<div class=\"elementor-element elementor-element-50b69f0 elementor-widget elementor-widget-theme-post-excerpt\" data-id=\"50b69f0\" data-element_type=\"widget\" data-widget_type=\"theme-post-excerpt.default\">\n\t\t\t\t<div class=\"elementor-widget-container\">\n\t\t\t\t\tLe transport d\u2019animaux vivants, notamment vers des destinations aussi \u00e9loign\u00e9es que l'Afrique, n\u00e9cessite une logistique minutieuse et une gestion rigoureuse des formalit\u00e9s sanitaires et douani\u00e8res\t\t\t\t<\/div>\n\t\t\t\t<\/div>\n\t\t\t\t<div class=\"elementor-element elementor-element-8122a01 elementor-widget elementor-widget-heading\" data-id=\"8122a01\" data-element_type=\"widget\" data-widget_type=\"heading.default\">\n\t\t\t\t<div class=\"elementor-widget-container\">\n\t\t\t\t\t<p class=\"elementor-heading-title elementor-size-default\"><a href=\"https:\/\/lifeexpress.code-communication.be\/de\/2025\/08\/06\/le-transport-aerien-danimaux-vers-lafrique-au-depart-de-liege-airport\/\">En savoir plus...<\/a><\/p>\t\t\t\t<\/div>\n\t\t\t\t<\/div>\n\t\t\t\t<\/div>\n\t\t\t\t\t<\/div>\n\t\t\t\t<\/div>\n\t\t\t\t<\/div>\n\t\t\t\t<div data-elementor-type=\"loop-item\" data-elementor-id=\"235\" class=\"elementor elementor-235 e-loop-item e-loop-item-553 post-553 post type-post status-publish format-standard has-post-thumbnail hentry category-non-categorise\" data-elementor-post-type=\"elementor_library\" data-custom-edit-handle=\"1\">\n\t\t\t<div class=\"elementor-element elementor-element-fd4baa2 e-flex e-con-boxed e-con e-parent\" data-id=\"fd4baa2\" data-element_type=\"container\" data-settings=\"{&quot;background_background&quot;:&quot;classic&quot;}\">\n\t\t\t\t\t<div class=\"e-con-inner\">\n\t\t\t\t<div class=\"elementor-element elementor-element-0938754 elementor-widget elementor-widget-theme-post-featured-image elementor-widget-image\" data-id=\"0938754\" data-element_type=\"widget\" data-widget_type=\"theme-post-featured-image.default\">\n\t\t\t\t<div class=\"elementor-widget-container\">\n\t\t\t\t\t\t\t\t\t\t\t\t\t\t\t<img decoding=\"async\" width=\"768\" height=\"512\" src=\"https:\/\/lifeexpress.code-communication.be\/wp-content\/uploads\/2025\/08\/lifeexpress_actu_cheveaux-768x512.webp\" class=\"attachment-medium_large size-medium_large wp-image-559\" alt=\"\" srcset=\"https:\/\/lifeexpress.code-communication.be\/wp-content\/uploads\/2025\/08\/lifeexpress_actu_cheveaux-768x512.webp 768w, https:\/\/lifeexpress.code-communication.be\/wp-content\/uploads\/2025\/08\/lifeexpress_actu_cheveaux-300x200.webp 300w, https:\/\/lifeexpress.code-communication.be\/wp-content\/uploads\/2025\/08\/lifeexpress_actu_cheveaux.webp 900w\" sizes=\"(max-width: 768px) 100vw, 768px\" \/>\t\t\t\t\t\t\t\t\t\t\t\t\t\t\t<\/div>\n\t\t\t\t<\/div>\n\t\t<div class=\"elementor-element elementor-element-22b411f e-con-full e-flex e-con e-child\" data-id=\"22b411f\" data-element_type=\"container\">\n\t\t\t\t<div class=\"elementor-element elementor-element-9158527 elementor-widget elementor-widget-theme-post-title elementor-page-title elementor-widget-heading\" data-id=\"9158527\" data-element_type=\"widget\" data-widget_type=\"theme-post-title.default\">\n\t\t\t\t<div class=\"elementor-widget-container\">\n\t\t\t\t\t<h3 class=\"elementor-heading-title elementor-size-default\">Li\u00e8ge Airport : un hub strat\u00e9gique pour le transport a\u00e9rien de chevaux<\/h3>\t\t\t\t<\/div>\n\t\t\t\t<\/div>\n\t\t\t\t<div class=\"elementor-element elementor-element-cfbf8b5 elementor-align-center elementor-widget elementor-widget-post-info\" data-id=\"cfbf8b5\" data-element_type=\"widget\" data-widget_type=\"post-info.default\">\n\t\t\t\t<div class=\"elementor-widget-container\">\n\t\t\t\t\t\t\t<ul class=\"elementor-inline-items elementor-icon-list-items elementor-post-info\">\n\t\t\t\t\t\t\t\t<li class=\"elementor-icon-list-item elementor-repeater-item-86e3bc3 elementor-inline-item\" itemprop=\"datePublished\">\n\t\t\t\t\t\t<a href=\"https:\/\/lifeexpress.code-communication.be\/de\/2025\/08\/06\/\">\n\t\t\t\t\t\t\t\t\t\t\t\t\t\t<span class=\"elementor-icon-list-text elementor-post-info__item elementor-post-info__item--type-date\">\n\t\t\t\t\t\t\t\t\t\t<time>6 August 2025<\/time>\t\t\t\t\t<\/span>\n\t\t\t\t\t\t\t\t\t<\/a>\n\t\t\t\t<\/li>\n\t\t\t\t<\/ul>\n\t\t\t\t\t\t<\/div>\n\t\t\t\t<\/div>\n\t\t\t\t<div class=\"elementor-element elementor-element-50b69f0 elementor-widget elementor-widget-theme-post-excerpt\" data-id=\"50b69f0\" data-element_type=\"widget\" data-widget_type=\"theme-post-excerpt.default\">\n\t\t\t\t<div class=\"elementor-widget-container\">\n\t\t\t\t\tChaque ann\u00e9e, Li\u00e8ge Airport devient le point de transit privil\u00e9gi\u00e9 pour pr\u00e8s de 12000 chevaux qui voyagent \u00e0 travers le monde.\t\t\t\t<\/div>\n\t\t\t\t<\/div>\n\t\t\t\t<div class=\"elementor-element elementor-element-8122a01 elementor-widget elementor-widget-heading\" data-id=\"8122a01\" data-element_type=\"widget\" data-widget_type=\"heading.default\">\n\t\t\t\t<div class=\"elementor-widget-container\">\n\t\t\t\t\t<p class=\"elementor-heading-title elementor-size-default\"><a href=\"https:\/\/lifeexpress.code-communication.be\/de\/2025\/08\/06\/liege-airport-un-hub-strategique-pour-le-transport-aerien-de-chevaux\/\">En savoir plus...<\/a><\/p>\t\t\t\t<\/div>\n\t\t\t\t<\/div>\n\t\t\t\t<\/div>\n\t\t\t\t\t<\/div>\n\t\t\t\t<\/div>\n\t\t\t\t<\/div>\n\t\t\t\t<\/div>\n\t\t\t\t\t<span class=\"e-load-more-spinner\">\n\t\t\t\t<svg aria-hidden=\"true\" class=\"e-font-icon-svg e-fas-spinner\" viewBox=\"0 0 512 512\" xmlns=\"http:\/\/www.w3.org\/2000\/svg\"><path d=\"M304 48c0 26.51-21.49 48-48 48s-48-21.49-48-48 21.49-48 48-48 48 21.49 48 48zm-48 368c-26.51 0-48 21.49-48 48s21.49 48 48 48 48-21.49 48-48-21.49-48-48-48zm208-208c-26.51 0-48 21.49-48 48s21.49 48 48 48 48-21.49 48-48-21.49-48-48-48zM96 256c0-26.51-21.49-48-48-48S0 229.49 0 256s21.49 48 48 48 48-21.49 48-48zm12.922 99.078c-26.51 0-48 21.49-48 48s21.49 48 48 48 48-21.49 48-48c0-26.509-21.491-48-48-48zm294.156 0c-26.51 0-48 21.49-48 48s21.49 48 48 48 48-21.49 48-48c0-26.509-21.49-48-48-48zM108.922 60.922c-26.51 0-48 21.49-48 48s21.49 48 48 48 48-21.49 48-48-21.491-48-48-48z\"><\/path><\/svg>\t\t\t<\/span>\n\t\t\n\t\t\t\t\t\t<\/div>\n\t\t\t\t<\/div>\n\t\t\t\t\t<\/div>\n\t\t\t\t<\/div>\n\t\t\t\t<\/div>\n\t\t","protected":false},"excerpt":{"rendered":"","protected":false},"author":1,"featured_media":436,"parent":0,"menu_order":0,"comment_status":"closed","ping_status":"closed","template":"","meta":{"footnotes":""},"class_list":["post-880","page","type-page","status-publish","has-post-thumbnail","hentry"],"_links":{"self":[{"href":"https:\/\/lifeexpress.code-communication.be\/de\/wp-json\/wp\/v2\/pages\/880","targetHints":{"allow":["GET"]}}],"collection":[{"href":"https:\/\/lifeexpress.code-communication.be\/de\/wp-json\/wp\/v2\/pages"}],"about":[{"href":"https:\/\/lifeexpress.code-communication.be\/de\/wp-json\/wp\/v2\/types\/page"}],"author":[{"embeddable":true,"href":"https:\/\/lifeexpress.code-communication.be\/de\/wp-json\/wp\/v2\/users\/1"}],"replies":[{"embeddable":true,"href":"https:\/\/lifeexpress.code-communication.be\/de\/wp-json\/wp\/v2\/comments?post=880"}],"version-history":[{"count":1,"href":"https:\/\/lifeexpress.code-communication.be\/de\/wp-json\/wp\/v2\/pages\/880\/revisions"}],"predecessor-version":[{"id":881,"href":"https:\/\/lifeexpress.code-communication.be\/de\/wp-json\/wp\/v2\/pages\/880\/revisions\/881"}],"wp:featuredmedia":[{"embeddable":true,"href":"https:\/\/lifeexpress.code-communication.be\/de\/wp-json\/wp\/v2\/media\/436"}],"wp:attachment":[{"href":"https:\/\/lifeexpress.code-communication.be\/de\/wp-json\/wp\/v2\/media?parent=880"}],"curies":[{"name":"wp","href":"https:\/\/api.w.org\/{rel}","templated":true}]}}