{"id":878,"date":"2025-06-30T14:41:23","date_gmt":"2025-06-30T12:41:23","guid":{"rendered":"https:\/\/lifeexpress.code-communication.be\/unsere-werte\/"},"modified":"2025-08-21T10:14:20","modified_gmt":"2025-08-21T08:14:20","slug":"unsere-werte","status":"publish","type":"page","link":"https:\/\/lifeexpress.code-communication.be\/de\/unsere-werte\/","title":{"rendered":"Unsere werte"},"content":{"rendered":"\t\t<div data-elementor-type=\"wp-page\" data-elementor-id=\"878\" class=\"elementor elementor-878 elementor-65\" data-elementor-post-type=\"page\">\n\t\t\t\t<div class=\"elementor-element elementor-element-b88d8d6 e-flex e-con-boxed elementor-invisible e-con e-parent\" data-id=\"b88d8d6\" data-element_type=\"container\" data-settings=\"{&quot;animation&quot;:&quot;fadeInUp&quot;}\">\n\t\t\t\t\t<div class=\"e-con-inner\">\n\t\t\t\t<div class=\"elementor-element elementor-element-aa93ebe elementor-widget elementor-widget-heading\" data-id=\"aa93ebe\" data-element_type=\"widget\" data-widget_type=\"heading.default\">\n\t\t\t\t<div class=\"elementor-widget-container\">\n\t\t\t\t\t<h2 class=\"elementor-heading-title elementor-size-default\">Unser Engagement geht \u00fcber Formalit\u00e4ten hinaus<\/h2>\t\t\t\t<\/div>\n\t\t\t\t<\/div>\n\t\t\t\t<div class=\"elementor-element elementor-element-b2e4ab4 elementor-widget elementor-widget-heading\" data-id=\"b2e4ab4\" data-element_type=\"widget\" data-widget_type=\"heading.default\">\n\t\t\t\t<div class=\"elementor-widget-container\">\n\t\t\t\t\t<p class=\"elementor-heading-title elementor-size-default\">Bei Life Express sind wir der Ansicht, dass der Transport von lebenden Tieren oder Erzeugnissen tierischen Ursprungs nicht auf eine rein administrative Abwicklung reduziert werden kann.<\/p>\t\t\t\t<\/div>\n\t\t\t\t<\/div>\n\t\t\t\t<div class=\"elementor-element elementor-element-fee305c elementor-widget elementor-widget-text-editor\" data-id=\"fee305c\" data-element_type=\"widget\" data-widget_type=\"text-editor.default\">\n\t\t\t\t<div class=\"elementor-widget-container\">\n\t\t\t\t\t\t\t\t\t<p>Jeder Auftrag ist f\u00fcr uns eine <strong>Verantwortung<\/strong>, ein <strong>Engagement f\u00fcr das Leben<\/strong> und ein Anspruch auf <strong>absolute Genauigkeit<\/strong>.<\/p>\t\t\t\t\t\t\t\t<\/div>\n\t\t\t\t<\/div>\n\t\t\t\t\t<\/div>\n\t\t\t\t<\/div>\n\t\t<div class=\"elementor-element elementor-element-728f8de e-flex e-con-boxed e-con e-parent\" data-id=\"728f8de\" data-element_type=\"container\" data-settings=\"{&quot;background_background&quot;:&quot;classic&quot;}\">\n\t\t\t\t\t<div class=\"e-con-inner\">\n\t\t\t\t<div class=\"elementor-element elementor-element-3bc46f1 elementor-widget elementor-widget-heading\" data-id=\"3bc46f1\" data-element_type=\"widget\" data-widget_type=\"heading.default\">\n\t\t\t\t<div class=\"elementor-widget-container\">\n\t\t\t\t\t<h2 class=\"elementor-heading-title elementor-size-default\">Unsere Werte leiten jede Akte, jeden Austausch, jede Entscheidung vor Ort.<\/h2>\t\t\t\t<\/div>\n\t\t\t\t<\/div>\n\t\t\t\t\t<\/div>\n\t\t\t\t<\/div>\n\t\t<div class=\"elementor-element elementor-element-22edae9 e-flex e-con-boxed e-con e-parent\" data-id=\"22edae9\" data-element_type=\"container\">\n\t\t\t\t\t<div class=\"e-con-inner\">\n\t\t<div class=\"elementor-element elementor-element-7f96b8f e-con-full e-flex e-con e-child\" data-id=\"7f96b8f\" data-element_type=\"container\">\n\t\t\t\t<div class=\"elementor-element elementor-element-bf281fc elementor-widget elementor-widget-heading\" data-id=\"bf281fc\" data-element_type=\"widget\" data-widget_type=\"heading.default\">\n\t\t\t\t<div class=\"elementor-widget-container\">\n\t\t\t\t\t<h2 class=\"elementor-heading-title elementor-size-default\">Tierwohl<\/h2>\t\t\t\t<\/div>\n\t\t\t\t<\/div>\n\t\t\t\t<\/div>\n\t\t<div class=\"elementor-element elementor-element-1a296db e-con-full e-flex e-con e-child\" data-id=\"1a296db\" data-element_type=\"container\">\n\t\t\t\t<div class=\"elementor-element elementor-element-0c4d3d5 elementor-widget elementor-widget-text-editor\" data-id=\"0c4d3d5\" data-element_type=\"widget\" data-widget_type=\"text-editor.default\">\n\t\t\t\t<div class=\"elementor-widget-container\">\n\t\t\t\t\t\t\t\t\t<p>Der Respekt vor Tieren steht im Mittelpunkt unserer T\u00e4tigkeit.<br>Wir sorgen daf\u00fcr, dass jeder Schritt \u2013 von der Zollabfertigung bis zur logistischen Koordination \u2013 unter angemessenen, ruhigen und sicheren Bedingungen erfolgt.<br>Unser Branchenwissen und unser direkter Kontakt zu den amtlichen Tier\u00e4rzten gew\u00e4hrleisten eine sorgf\u00e4ltige und verantwortungsvolle Betreuung.<\/p>\t\t\t\t\t\t\t\t<\/div>\n\t\t\t\t<\/div>\n\t\t\t\t<\/div>\n\t\t\t\t\t<\/div>\n\t\t\t\t<\/div>\n\t\t<div class=\"elementor-element elementor-element-11e56d3 e-flex e-con-boxed e-con e-parent\" data-id=\"11e56d3\" data-element_type=\"container\">\n\t\t\t\t\t<div class=\"e-con-inner\">\n\t\t<div class=\"elementor-element elementor-element-c9d4bf8 e-con-full e-flex e-con e-child\" data-id=\"c9d4bf8\" data-element_type=\"container\">\n\t\t\t\t<div class=\"elementor-element elementor-element-548b331 elementor-widget elementor-widget-heading\" data-id=\"548b331\" data-element_type=\"widget\" data-widget_type=\"heading.default\">\n\t\t\t\t<div class=\"elementor-widget-container\">\n\t\t\t\t\t<h2 class=\"elementor-heading-title elementor-size-default\">Sorgfalt und Konformit\u00e4t<\/h2>\t\t\t\t<\/div>\n\t\t\t\t<\/div>\n\t\t\t\t<\/div>\n\t\t<div class=\"elementor-element elementor-element-ec9fdce e-con-full e-flex e-con e-child\" data-id=\"ec9fdce\" data-element_type=\"container\">\n\t\t\t\t<div class=\"elementor-element elementor-element-46dbe9f elementor-widget elementor-widget-text-editor\" data-id=\"46dbe9f\" data-element_type=\"widget\" data-widget_type=\"text-editor.default\">\n\t\t\t\t<div class=\"elementor-widget-container\">\n\t\t\t\t\t\t\t\t\t<p>Wir bearbeiten sensible Warenstr\u00f6me, die strengen Vorschriften unterliegen.<br>Deshalb wird <strong>jedes Dokument, jedes Verfahren und jede Kontrolle<\/strong> mit gr\u00f6\u00dfter Sorgfalt durchgef\u00fchrt.<br>Unsere Erfahrung vor Ort erm\u00f6glicht es uns, <strong>Risiken vorherzusehen<\/strong>, Fehler zu vermeiden und in jeder Phase vollst\u00e4ndige <strong>Konformit\u00e4t<\/strong> sicherzustellen.<\/p>\t\t\t\t\t\t\t\t<\/div>\n\t\t\t\t<\/div>\n\t\t\t\t<\/div>\n\t\t\t\t\t<\/div>\n\t\t\t\t<\/div>\n\t\t<div class=\"elementor-element elementor-element-db42d2a e-flex e-con-boxed e-con e-parent\" data-id=\"db42d2a\" data-element_type=\"container\">\n\t\t\t\t\t<div class=\"e-con-inner\">\n\t\t<div class=\"elementor-element elementor-element-fce54b7 e-con-full e-flex e-con e-child\" data-id=\"fce54b7\" data-element_type=\"container\">\n\t\t\t\t<div class=\"elementor-element elementor-element-a130ed0 elementor-widget elementor-widget-heading\" data-id=\"a130ed0\" data-element_type=\"widget\" data-widget_type=\"heading.default\">\n\t\t\t\t<div class=\"elementor-widget-container\">\n\t\t\t\t\t<h2 class=\"elementor-heading-title elementor-size-default\">Reaktionsf\u00e4higkeit und 24\/7-Verf\u00fcgbarkeit<\/h2>\t\t\t\t<\/div>\n\t\t\t\t<\/div>\n\t\t\t\t<\/div>\n\t\t<div class=\"elementor-element elementor-element-e3487d7 e-con-full e-flex e-con e-child\" data-id=\"e3487d7\" data-element_type=\"container\">\n\t\t\t\t<div class=\"elementor-element elementor-element-c3b5b10 elementor-widget elementor-widget-text-editor\" data-id=\"c3b5b10\" data-element_type=\"widget\" data-widget_type=\"text-editor.default\">\n\t\t\t\t<div class=\"elementor-widget-container\">\n\t\t\t\t\t\t\t\t\t<p>In dieser Branche sind Notf\u00e4lle h\u00e4ufig und Fristen nicht verhandelbar.<br>Wir sind <strong>jederzeit erreichbar<\/strong> \u2013 tags\u00fcber, nachts, an Wochenenden und Feiertagen.<br>Ein unvorhergesehenes Ereignis? Eine Blockade? Wir greifen schnell, diskret und effizient ein.<\/p>\t\t\t\t\t\t\t\t<\/div>\n\t\t\t\t<\/div>\n\t\t\t\t<\/div>\n\t\t\t\t\t<\/div>\n\t\t\t\t<\/div>\n\t\t<div class=\"elementor-element elementor-element-a26e10b e-flex e-con-boxed e-con e-parent\" data-id=\"a26e10b\" data-element_type=\"container\">\n\t\t\t\t\t<div class=\"e-con-inner\">\n\t\t<div class=\"elementor-element elementor-element-83fa14e e-con-full e-flex e-con e-child\" data-id=\"83fa14e\" data-element_type=\"container\">\n\t\t\t\t<div class=\"elementor-element elementor-element-75439aa elementor-widget elementor-widget-heading\" data-id=\"75439aa\" data-element_type=\"widget\" data-widget_type=\"heading.default\">\n\t\t\t\t<div class=\"elementor-widget-container\">\n\t\t\t\t\t<h2 class=\"elementor-heading-title elementor-size-default\">Kundenservice und pers\u00f6nliche Betreuung<\/h2>\t\t\t\t<\/div>\n\t\t\t\t<\/div>\n\t\t\t\t<\/div>\n\t\t<div class=\"elementor-element elementor-element-6514c12 e-con-full e-flex e-con e-child\" data-id=\"6514c12\" data-element_type=\"container\">\n\t\t\t\t<div class=\"elementor-element elementor-element-452e9ea elementor-widget elementor-widget-text-editor\" data-id=\"452e9ea\" data-element_type=\"widget\" data-widget_type=\"text-editor.default\">\n\t\t\t\t<div class=\"elementor-widget-container\">\n\t\t\t\t\t\t\t\t\t<p>Jeder Kunde ist einzigartig, jede Sendung ebenfalls.<br>Wir bieten eine <strong>individuelle Betreuung<\/strong> mit einem einzigen Ansprechpartner, der in der Lage ist zu antworten, zu handeln und zu koordinieren.<br>Unser Ansatz ist einfach: <strong>zuh\u00f6ren, voraussehen, anpassen<\/strong>.<\/p>\t\t\t\t\t\t\t\t<\/div>\n\t\t\t\t<\/div>\n\t\t\t\t<\/div>\n\t\t\t\t\t<\/div>\n\t\t\t\t<\/div>\n\t\t<div class=\"elementor-element elementor-element-6df9bc7 e-flex e-con-boxed e-con e-parent\" data-id=\"6df9bc7\" data-element_type=\"container\">\n\t\t\t\t\t<div class=\"e-con-inner\">\n\t\t<div class=\"elementor-element elementor-element-36ce50a e-con-full e-flex e-con e-child\" data-id=\"36ce50a\" data-element_type=\"container\">\n\t\t\t\t<div class=\"elementor-element elementor-element-9409b99 elementor-widget elementor-widget-heading\" data-id=\"9409b99\" data-element_type=\"widget\" data-widget_type=\"heading.default\">\n\t\t\t\t<div class=\"elementor-widget-container\">\n\t\t\t\t\t<h2 class=\"elementor-heading-title elementor-size-default\">Lokale Pr\u00e4senz, internationale Reichweite<\/h2>\t\t\t\t<\/div>\n\t\t\t\t<\/div>\n\t\t\t\t<\/div>\n\t\t<div class=\"elementor-element elementor-element-49bbf5d e-con-full e-flex e-con e-child\" data-id=\"49bbf5d\" data-element_type=\"container\">\n\t\t\t\t<div class=\"elementor-element elementor-element-05cd89b elementor-widget elementor-widget-text-editor\" data-id=\"05cd89b\" data-element_type=\"widget\" data-widget_type=\"text-editor.default\">\n\t\t\t\t<div class=\"elementor-widget-container\">\n\t\t\t\t\t\t\t\t\t<p>Ans\u00e4ssig am <strong>Flughafen L\u00fcttich<\/strong>, im Herzen eines europ\u00e4ischen Logistikknotens, arbeiten wir t\u00e4glich mit den Akteuren vor Ort zusammen: Zoll, GKS, Abfertiger, Horse Inn, Fluggesellschaften.<br>Unsere Kenntnis der Netzwerke und der Flughafenprozesse erm\u00f6glicht es uns, Sendungen in ganz Belgien und dar\u00fcber hinaus zu betreuen.<\/p>\t\t\t\t\t\t\t\t<\/div>\n\t\t\t\t<\/div>\n\t\t\t\t<\/div>\n\t\t\t\t\t<\/div>\n\t\t\t\t<\/div>\n\t\t<div class=\"elementor-element elementor-element-a51df71 e-flex e-con-boxed e-con e-parent\" data-id=\"a51df71\" data-element_type=\"container\" data-settings=\"{&quot;background_background&quot;:&quot;classic&quot;}\">\n\t\t\t\t\t<div class=\"e-con-inner\">\n\t\t\t\t<div class=\"elementor-element elementor-element-3440c81 elementor-widget elementor-widget-heading\" data-id=\"3440c81\" data-element_type=\"widget\" data-widget_type=\"heading.default\">\n\t\t\t\t<div class=\"elementor-widget-container\">\n\t\t\t\t\t<h2 class=\"elementor-heading-title elementor-size-default\">Ben\u00f6tigen Sie Unterst\u00fctzung oder einen schnellen Einsatz&nbsp;?<\/h2>\t\t\t\t<\/div>\n\t\t\t\t<\/div>\n\t\t\t\t<div class=\"elementor-element elementor-element-955ef60 elementor-widget elementor-widget-text-editor\" data-id=\"955ef60\" data-element_type=\"widget\" data-widget_type=\"text-editor.default\">\n\t\t\t\t<div class=\"elementor-widget-container\">\n\t\t\t\t\t\t\t\t\t<p>Kontaktieren Sie uns f\u00fcr ein individuelles Angebot oder eine dringende Bearbeitung.<\/p>\t\t\t\t\t\t\t\t<\/div>\n\t\t\t\t<\/div>\n\t\t\t\t<div class=\"elementor-element elementor-element-2f56711 elementor-mobile-align-center elementor-align-center elementor-widget elementor-widget-button\" data-id=\"2f56711\" data-element_type=\"widget\" data-widget_type=\"button.default\">\n\t\t\t\t<div class=\"elementor-widget-container\">\n\t\t\t\t\t\t\t\t\t<div class=\"elementor-button-wrapper\">\n\t\t\t\t\t<a class=\"elementor-button elementor-button-link elementor-size-sm\" href=\"https:\/\/lifeexpress.code-communication.be\/de\/contact\/\">\n\t\t\t\t\t\t<span class=\"elementor-button-content-wrapper\">\n\t\t\t\t\t\t\t\t\t<span class=\"elementor-button-text\">Kontaktieren Sie uns<\/span>\n\t\t\t\t\t<\/span>\n\t\t\t\t\t<\/a>\n\t\t\t\t<\/div>\n\t\t\t\t\t\t\t\t<\/div>\n\t\t\t\t<\/div>\n\t\t\t\t\t<\/div>\n\t\t\t\t<\/div>\n\t\t\t\t<\/div>\n\t\t","protected":false},"excerpt":{"rendered":"<p>Unser Engagement geht \u00fcber Formalit\u00e4ten hinaus Bei Life Express sind wir der Ansicht, dass der Transport von lebenden Tieren oder Erzeugnissen tierischen Ursprungs nicht auf eine rein administrative Abwicklung reduziert werden kann. Jeder Auftrag ist f\u00fcr uns eine Verantwortung, ein Engagement f\u00fcr das Leben und ein Anspruch auf absolute Genauigkeit. Unsere Werte leiten jede Akte, [&hellip;]<\/p>\n","protected":false},"author":1,"featured_media":433,"parent":0,"menu_order":0,"comment_status":"closed","ping_status":"closed","template":"","meta":{"footnotes":""},"class_list":["post-878","page","type-page","status-publish","has-post-thumbnail","hentry"],"_links":{"self":[{"href":"https:\/\/lifeexpress.code-communication.be\/de\/wp-json\/wp\/v2\/pages\/878","targetHints":{"allow":["GET"]}}],"collection":[{"href":"https:\/\/lifeexpress.code-communication.be\/de\/wp-json\/wp\/v2\/pages"}],"about":[{"href":"https:\/\/lifeexpress.code-communication.be\/de\/wp-json\/wp\/v2\/types\/page"}],"author":[{"embeddable":true,"href":"https:\/\/lifeexpress.code-communication.be\/de\/wp-json\/wp\/v2\/users\/1"}],"replies":[{"embeddable":true,"href":"https:\/\/lifeexpress.code-communication.be\/de\/wp-json\/wp\/v2\/comments?post=878"}],"version-history":[{"count":2,"href":"https:\/\/lifeexpress.code-communication.be\/de\/wp-json\/wp\/v2\/pages\/878\/revisions"}],"predecessor-version":[{"id":886,"href":"https:\/\/lifeexpress.code-communication.be\/de\/wp-json\/wp\/v2\/pages\/878\/revisions\/886"}],"wp:featuredmedia":[{"embeddable":true,"href":"https:\/\/lifeexpress.code-communication.be\/de\/wp-json\/wp\/v2\/media\/433"}],"wp:attachment":[{"href":"https:\/\/lifeexpress.code-communication.be\/de\/wp-json\/wp\/v2\/media?parent=878"}],"curies":[{"name":"wp","href":"https:\/\/api.w.org\/{rel}","templated":true}]}}