{"id":874,"date":"2025-06-30T14:41:08","date_gmt":"2025-06-30T12:41:08","guid":{"rendered":"https:\/\/lifeexpress.code-communication.be\/unsere-dienstleistungen\/"},"modified":"2025-08-21T10:14:20","modified_gmt":"2025-08-21T08:14:20","slug":"unsere-dienstleistungen","status":"publish","type":"page","link":"https:\/\/lifeexpress.code-communication.be\/de\/unsere-dienstleistungen\/","title":{"rendered":"Unsere Dienstleistungen"},"content":{"rendered":"\t\t<div data-elementor-type=\"wp-page\" data-elementor-id=\"874\" class=\"elementor elementor-874 elementor-63\" data-elementor-post-type=\"page\">\n\t\t\t\t<div class=\"elementor-element elementor-element-7835a64 e-flex e-con-boxed elementor-invisible e-con e-parent\" data-id=\"7835a64\" data-element_type=\"container\" data-settings=\"{&quot;animation&quot;:&quot;fadeInUp&quot;}\">\n\t\t\t\t\t<div class=\"e-con-inner\">\n\t\t\t\t<div class=\"elementor-element elementor-element-334477c elementor-widget elementor-widget-heading\" data-id=\"334477c\" data-element_type=\"widget\" data-widget_type=\"heading.default\">\n\t\t\t\t<div class=\"elementor-widget-container\">\n\t\t\t\t\t<h2 class=\"elementor-heading-title elementor-size-default\">Ma\u00dfgeschneiderte Begleitung f\u00fcr Ihre sensiblen Sendungen<\/h2>\t\t\t\t<\/div>\n\t\t\t\t<\/div>\n\t\t\t\t<div class=\"elementor-element elementor-element-c33b2b1 elementor-widget elementor-widget-heading\" data-id=\"c33b2b1\" data-element_type=\"widget\" data-widget_type=\"heading.default\">\n\t\t\t\t<div class=\"elementor-widget-container\">\n\t\t\t\t\t<p class=\"elementor-heading-title elementor-size-default\">Life Express \u00fcbernimmt alle administrativen, zollrechtlichen, veterin\u00e4rmedizinischen- und logistischen Formalit\u00e4ten im Zusammenhang mit dem Lufttransport von lebenden Tieren und Erzeugnissen tierischen Ursprungs.<\/p>\t\t\t\t<\/div>\n\t\t\t\t<\/div>\n\t\t\t\t<div class=\"elementor-element elementor-element-e4f2722 elementor-widget elementor-widget-text-editor\" data-id=\"e4f2722\" data-element_type=\"widget\" data-widget_type=\"text-editor.default\">\n\t\t\t\t<div class=\"elementor-widget-container\">\n\t\t\t\t\t\t\t\t\t<p>Wir sind keine Spediteure: Wir agieren als <strong>spezialisierte Schnittstelle<\/strong>, um in jeder Phase einen reibungslosen, regelkonformen und sicheren Ablauf zu gew\u00e4hrleisten.<\/p>\t\t\t\t\t\t\t\t<\/div>\n\t\t\t\t<\/div>\n\t\t\t\t\t<\/div>\n\t\t\t\t<\/div>\n\t\t<div class=\"elementor-element elementor-element-7ee36ec e-flex e-con-boxed e-con e-parent\" data-id=\"7ee36ec\" data-element_type=\"container\" data-settings=\"{&quot;background_background&quot;:&quot;classic&quot;}\">\n\t\t\t\t\t<div class=\"e-con-inner\">\n\t\t\t\t<div class=\"elementor-element elementor-element-69faf0f elementor-widget elementor-widget-heading\" data-id=\"69faf0f\" data-element_type=\"widget\" data-widget_type=\"heading.default\">\n\t\t\t\t<div class=\"elementor-widget-container\">\n\t\t\t\t\t<h2 class=\"elementor-heading-title elementor-size-default\">Life Express auf einen Blick<\/h2>\t\t\t\t<\/div>\n\t\t\t\t<\/div>\n\t\t\t\t\t<\/div>\n\t\t\t\t<\/div>\n\t\t<div class=\"elementor-element elementor-element-268f243 e-flex e-con-boxed e-con e-parent\" data-id=\"268f243\" data-element_type=\"container\">\n\t\t\t\t\t<div class=\"e-con-inner\">\n\t\t<div class=\"elementor-element elementor-element-1a6f52f e-con-full e-flex e-con e-child\" data-id=\"1a6f52f\" data-element_type=\"container\">\n\t\t\t\t<div class=\"elementor-element elementor-element-e4937bb elementor-widget elementor-widget-heading\" data-id=\"e4937bb\" data-element_type=\"widget\" data-widget_type=\"heading.default\">\n\t\t\t\t<div class=\"elementor-widget-container\">\n\t\t\t\t\t<h2 class=\"elementor-heading-title elementor-size-default\">Zollabfertigung Import\/Export<\/h2>\t\t\t\t<\/div>\n\t\t\t\t<\/div>\n\t\t\t\t<\/div>\n\t\t<div class=\"elementor-element elementor-element-4cb6276 e-con-full e-flex e-con e-child\" data-id=\"4cb6276\" data-element_type=\"container\">\n\t\t\t\t<div class=\"elementor-element elementor-element-3a15db2 elementor-widget elementor-widget-text-editor\" data-id=\"3a15db2\" data-element_type=\"widget\" data-widget_type=\"text-editor.default\">\n\t\t\t\t<div class=\"elementor-widget-container\">\n\t\t\t\t\t\t\t\t\t<p>Komplette Abwicklung der Zollformalit\u00e4ten, sowohl bei der Einfuhr als auch bei der Ausfuhr:<\/p><ul><li>Erstellung und Einreichung der erforderlichen Dokumente (EAD, Transit, Lizenzen\u2026)<\/li><li>Direkter Kontakt zu den Zollbeh\u00f6rden<\/li><li>Nachverfolgung von Genehmigungen und Fristen<\/li><\/ul>\t\t\t\t\t\t\t\t<\/div>\n\t\t\t\t<\/div>\n\t\t\t\t<\/div>\n\t\t\t\t\t<\/div>\n\t\t\t\t<\/div>\n\t\t<div class=\"elementor-element elementor-element-ed62c8a e-flex e-con-boxed e-con e-parent\" data-id=\"ed62c8a\" data-element_type=\"container\">\n\t\t\t\t\t<div class=\"e-con-inner\">\n\t\t<div class=\"elementor-element elementor-element-47b6f0a e-con-full e-flex e-con e-child\" data-id=\"47b6f0a\" data-element_type=\"container\">\n\t\t\t\t<div class=\"elementor-element elementor-element-46da3bd elementor-widget elementor-widget-heading\" data-id=\"46da3bd\" data-element_type=\"widget\" data-widget_type=\"heading.default\">\n\t\t\t\t<div class=\"elementor-widget-container\">\n\t\t\t\t\t<h2 class=\"elementor-heading-title elementor-size-default\">Veterin\u00e4rkontrolle &amp; CHED-Dokumente<\/h2>\t\t\t\t<\/div>\n\t\t\t\t<\/div>\n\t\t\t\t<\/div>\n\t\t<div class=\"elementor-element elementor-element-61901ac e-con-full e-flex e-con e-child\" data-id=\"61901ac\" data-element_type=\"container\">\n\t\t\t\t<div class=\"elementor-element elementor-element-92309f6 elementor-widget elementor-widget-text-editor\" data-id=\"92309f6\" data-element_type=\"widget\" data-widget_type=\"text-editor.default\">\n\t\t\t\t<div class=\"elementor-widget-container\">\n\t\t\t\t\t\t\t\t\t<p>Abwicklung der veterin\u00e4rrechtlichen Formalit\u00e4ten f\u00fcr lebende Tiere oder Erzeugnisse tierischen Ursprungs:<\/p><ul><li>Vorbereitung der Zertifikate<\/li><li>Erstellung und Verwaltung der CHEDs (CHED-A, CHED-P)<\/li><li>Koordination mit den Grenzkontrollstellen (GKS)<\/li><\/ul>\t\t\t\t\t\t\t\t<\/div>\n\t\t\t\t<\/div>\n\t\t\t\t<\/div>\n\t\t\t\t\t<\/div>\n\t\t\t\t<\/div>\n\t\t<div class=\"elementor-element elementor-element-c3d2bd9 e-flex e-con-boxed e-con e-parent\" data-id=\"c3d2bd9\" data-element_type=\"container\">\n\t\t\t\t\t<div class=\"e-con-inner\">\n\t\t<div class=\"elementor-element elementor-element-9eb4c2e e-con-full e-flex e-con e-child\" data-id=\"9eb4c2e\" data-element_type=\"container\">\n\t\t\t\t<div class=\"elementor-element elementor-element-5f7e860 elementor-widget elementor-widget-heading\" data-id=\"5f7e860\" data-element_type=\"widget\" data-widget_type=\"heading.default\">\n\t\t\t\t<div class=\"elementor-widget-container\">\n\t\t\t\t\t<h2 class=\"elementor-heading-title elementor-size-default\">Dokumente &amp; administrative Konformit\u00e4t<\/h2>\t\t\t\t<\/div>\n\t\t\t\t<\/div>\n\t\t\t\t<\/div>\n\t\t<div class=\"elementor-element elementor-element-7bede37 e-con-full e-flex e-con e-child\" data-id=\"7bede37\" data-element_type=\"container\">\n\t\t\t\t<div class=\"elementor-element elementor-element-2375920 elementor-widget elementor-widget-text-editor\" data-id=\"2375920\" data-element_type=\"widget\" data-widget_type=\"text-editor.default\">\n\t\t\t\t<div class=\"elementor-widget-container\">\n\t\t\t\t\t\t\t\t\t<p>Wir erstellen, pr\u00fcfen und validieren s\u00e4mtliche Transportdokumente:<\/p><ul><li>AWB, CMR, Gesundheitszertifikate, CITES-Genehmigungen<\/li><li>Einhaltung europ\u00e4ischer und nationaler Anforderungen<\/li><li>Gew\u00e4hrleistung der Konformit\u00e4t f\u00fcr jede Sendung<\/li><\/ul>\t\t\t\t\t\t\t\t<\/div>\n\t\t\t\t<\/div>\n\t\t\t\t<\/div>\n\t\t\t\t\t<\/div>\n\t\t\t\t<\/div>\n\t\t<div class=\"elementor-element elementor-element-afed62d e-flex e-con-boxed e-con e-parent\" data-id=\"afed62d\" data-element_type=\"container\">\n\t\t\t\t\t<div class=\"e-con-inner\">\n\t\t<div class=\"elementor-element elementor-element-1a7e3f4 e-con-full e-flex e-con e-child\" data-id=\"1a7e3f4\" data-element_type=\"container\">\n\t\t\t\t<div class=\"elementor-element elementor-element-445d11e elementor-widget elementor-widget-heading\" data-id=\"445d11e\" data-element_type=\"widget\" data-widget_type=\"heading.default\">\n\t\t\t\t<div class=\"elementor-widget-container\">\n\t\t\t\t\t<h2 class=\"elementor-heading-title elementor-size-default\">Logistische Koordination &amp; operative Begleitung<\/h2>\t\t\t\t<\/div>\n\t\t\t\t<\/div>\n\t\t\t\t<\/div>\n\t\t<div class=\"elementor-element elementor-element-6b3c086 e-con-full e-flex e-con e-child\" data-id=\"6b3c086\" data-element_type=\"container\">\n\t\t\t\t<div class=\"elementor-element elementor-element-78e058a elementor-widget elementor-widget-text-editor\" data-id=\"78e058a\" data-element_type=\"widget\" data-widget_type=\"text-editor.default\">\n\t\t\t\t<div class=\"elementor-widget-container\">\n\t\t\t\t\t\t\t\t\t<p>Wir koordinieren alle Beteiligten, um einen maximal reibungslosen Ablauf zu gew\u00e4hrleisten:<\/p><ul><li>Spediteure, Fluggesellschaften, Abfertigungsagenten, Zollbeamte, Tier\u00e4rzte<\/li><li>Operative Begleitung vor Ort bis zum Abschluss der Abl\u00e4ufe<\/li><li>Vorausplanung zeitlicher oder technischer Einschr\u00e4nkungen<\/li><\/ul>\t\t\t\t\t\t\t\t<\/div>\n\t\t\t\t<\/div>\n\t\t\t\t<\/div>\n\t\t\t\t\t<\/div>\n\t\t\t\t<\/div>\n\t\t<div class=\"elementor-element elementor-element-54a3117 e-flex e-con-boxed e-con e-parent\" data-id=\"54a3117\" data-element_type=\"container\">\n\t\t\t\t\t<div class=\"e-con-inner\">\n\t\t<div class=\"elementor-element elementor-element-38c5b0a e-con-full e-flex e-con e-child\" data-id=\"38c5b0a\" data-element_type=\"container\">\n\t\t\t\t<div class=\"elementor-element elementor-element-5e41666 elementor-widget elementor-widget-heading\" data-id=\"5e41666\" data-element_type=\"widget\" data-widget_type=\"heading.default\">\n\t\t\t\t<div class=\"elementor-widget-container\">\n\t\t\t\t\t<h2 class=\"elementor-heading-title elementor-size-default\">Individuelle Betreuung &amp; Notf\u00e4lle<\/h2>\t\t\t\t<\/div>\n\t\t\t\t<\/div>\n\t\t\t\t<\/div>\n\t\t<div class=\"elementor-element elementor-element-36812ca e-con-full e-flex e-con e-child\" data-id=\"36812ca\" data-element_type=\"container\">\n\t\t\t\t<div class=\"elementor-element elementor-element-939809f elementor-widget elementor-widget-text-editor\" data-id=\"939809f\" data-element_type=\"widget\" data-widget_type=\"text-editor.default\">\n\t\t\t\t<div class=\"elementor-widget-container\">\n\t\t\t\t\t\t\t\t\t<p>Wir bieten ma\u00dfgeschneiderte Unterst\u00fctzung:<\/p><ul><li>Schnelle Reaktion bei unvorhergesehenen Ereignissen oder Blockaden<\/li><li>24\/7-Verf\u00fcgbarkeit<\/li><li>Individuelle Beratung f\u00fcr jeden Kunden (gewerblich oder privat)<\/li><\/ul>\t\t\t\t\t\t\t\t<\/div>\n\t\t\t\t<\/div>\n\t\t\t\t<\/div>\n\t\t\t\t\t<\/div>\n\t\t\t\t<\/div>\n\t\t<div class=\"elementor-element elementor-element-2979cd8 e-flex e-con-boxed e-con e-parent\" data-id=\"2979cd8\" data-element_type=\"container\" data-settings=\"{&quot;background_background&quot;:&quot;classic&quot;}\">\n\t\t\t\t\t<div class=\"e-con-inner\">\n\t\t\t\t<div class=\"elementor-element elementor-element-a1f8081 elementor-widget elementor-widget-heading\" data-id=\"a1f8081\" data-element_type=\"widget\" data-widget_type=\"heading.default\">\n\t\t\t\t<div class=\"elementor-widget-container\">\n\t\t\t\t\t<h2 class=\"elementor-heading-title elementor-size-default\">Ben\u00f6tigen Sie Unterst\u00fctzung oder einen schnellen Einsatz&nbsp;?<\/h2>\t\t\t\t<\/div>\n\t\t\t\t<\/div>\n\t\t\t\t<div class=\"elementor-element elementor-element-30585d4 elementor-widget elementor-widget-text-editor\" data-id=\"30585d4\" data-element_type=\"widget\" data-widget_type=\"text-editor.default\">\n\t\t\t\t<div class=\"elementor-widget-container\">\n\t\t\t\t\t\t\t\t\t<p>Kontaktieren Sie uns f\u00fcr ein individuelles Angebot oder eine dringende Bearbeitung.<\/p>\t\t\t\t\t\t\t\t<\/div>\n\t\t\t\t<\/div>\n\t\t\t\t<div class=\"elementor-element elementor-element-96f48bd elementor-mobile-align-center elementor-align-center elementor-widget elementor-widget-button\" data-id=\"96f48bd\" data-element_type=\"widget\" data-widget_type=\"button.default\">\n\t\t\t\t<div class=\"elementor-widget-container\">\n\t\t\t\t\t\t\t\t\t<div class=\"elementor-button-wrapper\">\n\t\t\t\t\t<a class=\"elementor-button elementor-button-link elementor-size-sm\" href=\"https:\/\/lifeexpress.code-communication.be\/de\/contact\/\">\n\t\t\t\t\t\t<span class=\"elementor-button-content-wrapper\">\n\t\t\t\t\t\t\t\t\t<span class=\"elementor-button-text\">Kontaktieren Sie uns<\/span>\n\t\t\t\t\t<\/span>\n\t\t\t\t\t<\/a>\n\t\t\t\t<\/div>\n\t\t\t\t\t\t\t\t<\/div>\n\t\t\t\t<\/div>\n\t\t\t\t\t<\/div>\n\t\t\t\t<\/div>\n\t\t\t\t<\/div>\n\t\t","protected":false},"excerpt":{"rendered":"<p>Ma\u00dfgeschneiderte Begleitung f\u00fcr Ihre sensiblen Sendungen Life Express \u00fcbernimmt alle administrativen, zollrechtlichen, veterin\u00e4rmedizinischen- und logistischen Formalit\u00e4ten im Zusammenhang mit dem Lufttransport von lebenden Tieren und Erzeugnissen tierischen Ursprungs. Wir sind keine Spediteure: Wir agieren als spezialisierte Schnittstelle, um in jeder Phase einen reibungslosen, regelkonformen und sicheren Ablauf zu gew\u00e4hrleisten. Life Express auf einen Blick Zollabfertigung [&hellip;]<\/p>\n","protected":false},"author":1,"featured_media":430,"parent":0,"menu_order":0,"comment_status":"closed","ping_status":"closed","template":"","meta":{"footnotes":""},"class_list":["post-874","page","type-page","status-publish","has-post-thumbnail","hentry"],"_links":{"self":[{"href":"https:\/\/lifeexpress.code-communication.be\/de\/wp-json\/wp\/v2\/pages\/874","targetHints":{"allow":["GET"]}}],"collection":[{"href":"https:\/\/lifeexpress.code-communication.be\/de\/wp-json\/wp\/v2\/pages"}],"about":[{"href":"https:\/\/lifeexpress.code-communication.be\/de\/wp-json\/wp\/v2\/types\/page"}],"author":[{"embeddable":true,"href":"https:\/\/lifeexpress.code-communication.be\/de\/wp-json\/wp\/v2\/users\/1"}],"replies":[{"embeddable":true,"href":"https:\/\/lifeexpress.code-communication.be\/de\/wp-json\/wp\/v2\/comments?post=874"}],"version-history":[{"count":3,"href":"https:\/\/lifeexpress.code-communication.be\/de\/wp-json\/wp\/v2\/pages\/874\/revisions"}],"predecessor-version":[{"id":885,"href":"https:\/\/lifeexpress.code-communication.be\/de\/wp-json\/wp\/v2\/pages\/874\/revisions\/885"}],"wp:featuredmedia":[{"embeddable":true,"href":"https:\/\/lifeexpress.code-communication.be\/de\/wp-json\/wp\/v2\/media\/430"}],"wp:attachment":[{"href":"https:\/\/lifeexpress.code-communication.be\/de\/wp-json\/wp\/v2\/media?parent=874"}],"curies":[{"name":"wp","href":"https:\/\/api.w.org\/{rel}","templated":true}]}}