{"id":870,"date":"2025-06-30T14:40:55","date_gmt":"2025-06-30T12:40:55","guid":{"rendered":"https:\/\/lifeexpress.code-communication.be\/das-unternehmen\/"},"modified":"2025-08-21T09:57:00","modified_gmt":"2025-08-21T07:57:00","slug":"das-unternehmen","status":"publish","type":"page","link":"https:\/\/lifeexpress.code-communication.be\/de\/das-unternehmen\/","title":{"rendered":"Das unternehmen"},"content":{"rendered":"\t\t<div data-elementor-type=\"wp-page\" data-elementor-id=\"870\" class=\"elementor elementor-870 elementor-61\" data-elementor-post-type=\"page\">\n\t\t\t\t<div class=\"elementor-element elementor-element-9fa671a e-flex e-con-boxed elementor-invisible e-con e-parent\" data-id=\"9fa671a\" data-element_type=\"container\" data-settings=\"{&quot;animation&quot;:&quot;fadeInUp&quot;}\">\n\t\t\t\t\t<div class=\"e-con-inner\">\n\t\t\t\t<div class=\"elementor-element elementor-element-b5029ae elementor-widget elementor-widget-heading\" data-id=\"b5029ae\" data-element_type=\"widget\" data-widget_type=\"heading.default\">\n\t\t\t\t<div class=\"elementor-widget-container\">\n\t\t\t\t\t<h2 class=\"elementor-heading-title elementor-size-default\">Wer sind wir?<\/h2>\t\t\t\t<\/div>\n\t\t\t\t<\/div>\n\t\t\t\t<div class=\"elementor-element elementor-element-5eb7e4d elementor-widget elementor-widget-heading\" data-id=\"5eb7e4d\" data-element_type=\"widget\" data-widget_type=\"heading.default\">\n\t\t\t\t<div class=\"elementor-widget-container\">\n\t\t\t\t\t<p class=\"elementor-heading-title elementor-size-default\">Life Express SRL ist ein unabh\u00e4ngiges Unternehmen, das sich auf die administrative, gesundheitliche und zollrechtliche Abwicklung im Zusammenhang mit dem Lufttransport von lebenden Tieren und Produkten tierischen Ursprungs spezialisiert hat.<\/p>\t\t\t\t<\/div>\n\t\t\t\t<\/div>\n\t\t\t\t<div class=\"elementor-element elementor-element-0d67975 elementor-widget elementor-widget-text-editor\" data-id=\"0d67975\" data-element_type=\"widget\" data-widget_type=\"text-editor.default\">\n\t\t\t\t<div class=\"elementor-widget-container\">\n\t\t\t\t\t\t\t\t\t<p>Mit Sitz am Flughafen L\u00fcttich (Li\u00e8ge Airport) \u00fcbernehmen wir die Koordination der Import-\/Exportformalit\u00e4ten, die Erstellung der CHED, die Kontakte zu den offiziellen Diensten sowie die operative Nachverfolgung sensibler Waren.<\/p>\t\t\t\t\t\t\t\t<\/div>\n\t\t\t\t<\/div>\n\t\t\t\t\t<\/div>\n\t\t\t\t<\/div>\n\t\t<div class=\"elementor-element elementor-element-655c870 e-flex e-con-boxed e-con e-parent\" data-id=\"655c870\" data-element_type=\"container\" data-settings=\"{&quot;background_background&quot;:&quot;classic&quot;}\">\n\t\t\t\t\t<div class=\"e-con-inner\">\n\t\t\t\t<div class=\"elementor-element elementor-element-4a79bca elementor-widget elementor-widget-heading\" data-id=\"4a79bca\" data-element_type=\"widget\" data-widget_type=\"heading.default\">\n\t\t\t\t<div class=\"elementor-widget-container\">\n\t\t\t\t\t<h2 class=\"elementor-heading-title elementor-size-default\">Unsere Mission: <\/h2>\t\t\t\t<\/div>\n\t\t\t\t<\/div>\n\t\t\t\t<div class=\"elementor-element elementor-element-8273392 elementor-widget elementor-widget-heading\" data-id=\"8273392\" data-element_type=\"widget\" data-widget_type=\"heading.default\">\n\t\t\t\t<div class=\"elementor-widget-container\">\n\t\t\t\t\t<p class=\"elementor-heading-title elementor-size-default\">Verfahren vereinfachen, Bewegungen absichern und den Respekt vor dem Lebendigen gew\u00e4hrleisten \u2013 in Zusammenarbeit mit allen Akteuren vor Ort.<\/p>\t\t\t\t<\/div>\n\t\t\t\t<\/div>\n\t\t\t\t\t<\/div>\n\t\t\t\t<\/div>\n\t\t<div class=\"elementor-element elementor-element-609d902 e-flex e-con-boxed e-con e-parent\" data-id=\"609d902\" data-element_type=\"container\">\n\t\t\t\t\t<div class=\"e-con-inner\">\n\t\t<div class=\"elementor-element elementor-element-949ebe0 e-con-full e-flex e-con e-child\" data-id=\"949ebe0\" data-element_type=\"container\">\n\t\t\t\t<div class=\"elementor-element elementor-element-e330824 elementor-widget elementor-widget-heading\" data-id=\"e330824\" data-element_type=\"widget\" data-widget_type=\"heading.default\">\n\t\t\t\t<div class=\"elementor-widget-container\">\n\t\t\t\t\t<h2 class=\"elementor-heading-title elementor-size-default\">Unsere Rolle:<\/h2>\t\t\t\t<\/div>\n\t\t\t\t<\/div>\n\t\t\t\t<\/div>\n\t\t<div class=\"elementor-element elementor-element-928f24b e-con-full e-flex e-con e-child\" data-id=\"928f24b\" data-element_type=\"container\">\n\t\t\t\t<div class=\"elementor-element elementor-element-4b8509f elementor-widget elementor-widget-text-editor\" data-id=\"4b8509f\" data-element_type=\"widget\" data-widget_type=\"text-editor.default\">\n\t\t\t\t<div class=\"elementor-widget-container\">\n\t\t\t\t\t\t\t\t\t<p>Wir <strong>sind kein Transportunternehmen<\/strong>.<br>Wir agieren als <strong>spezialisierte Schnittstelle<\/strong> zwischen Transportunternehmen, amtlichen Tier\u00e4rzten, Zoll, Fluggesellschaften, Spediteuren und Aufsichtsbeh\u00f6rden.<\/p><p>Unser Ziel ist es, <strong>jeden kritischen Schritt zu vereinfachen<\/strong>, Blockaden zu vermeiden und einen reibungslosen Ablauf unter voller Einhaltung der Vorschriften zu gew\u00e4hrleisten.<\/p>\t\t\t\t\t\t\t\t<\/div>\n\t\t\t\t<\/div>\n\t\t\t\t<\/div>\n\t\t\t\t\t<\/div>\n\t\t\t\t<\/div>\n\t\t<div class=\"elementor-element elementor-element-b259575 e-flex e-con-boxed e-con e-parent\" data-id=\"b259575\" data-element_type=\"container\">\n\t\t\t\t\t<div class=\"e-con-inner\">\n\t\t<div class=\"elementor-element elementor-element-2d650fc e-con-full e-flex e-con e-child\" data-id=\"2d650fc\" data-element_type=\"container\">\n\t\t\t\t<div class=\"elementor-element elementor-element-c7d456b elementor-widget elementor-widget-heading\" data-id=\"c7d456b\" data-element_type=\"widget\" data-widget_type=\"heading.default\">\n\t\t\t\t<div class=\"elementor-widget-container\">\n\t\t\t\t\t<h2 class=\"elementor-heading-title elementor-size-default\">Ein Team mit komplement\u00e4ren Fachkenntnissen<\/h2>\t\t\t\t<\/div>\n\t\t\t\t<\/div>\n\t\t\t\t<\/div>\n\t\t<div class=\"elementor-element elementor-element-577e877 e-con-full e-flex e-con e-child\" data-id=\"577e877\" data-element_type=\"container\">\n\t\t\t\t<div class=\"elementor-element elementor-element-156dc10 elementor-widget elementor-widget-text-editor\" data-id=\"156dc10\" data-element_type=\"widget\" data-widget_type=\"text-editor.default\">\n\t\t\t\t<div class=\"elementor-widget-container\">\n\t\t\t\t\t\t\t\t\t<p>Life Express entstand aus einem gemeinsamen Willen: einen <strong>zuverl\u00e4ssigen, reaktionsschnellen und ma\u00dfgeschneiderten Service<\/strong> anzubieten, der den spezifischen Anforderungen des internationalen Tiertransports gerecht wird.<\/p><p>Unser Team :<\/p><ul><li>Ein Experte im tiergerechten Handling, in der Branche anerkannt f\u00fcr seine Effizienz und sein operatives Wissen \u00fcber Lebendtiertransporte, insbesondere von Pferden.<\/li><li>Ein veterin\u00e4rmedizinischer Experte, Garant f\u00fcr die gesundheitliche Konformit\u00e4t, in direktem Kontakt mit den Grenzkontrollstellen (GKS) und den zust\u00e4ndigen Beh\u00f6rden.<\/li><\/ul><ul><li>Ein logistischer und zollrechtlicher Experte mit langj\u00e4hriger Erfahrung in der Abwicklung zeitkritischer und sensibler G\u00fcter, vertraut mit den Anforderungen der Luftfracht und der Koordination zwischen den Diensten.<\/li><\/ul>\t\t\t\t\t\t\t\t<\/div>\n\t\t\t\t<\/div>\n\t\t\t\t<\/div>\n\t\t\t\t\t<\/div>\n\t\t\t\t<\/div>\n\t\t<div class=\"elementor-element elementor-element-363d0a2 e-flex e-con-boxed e-con e-parent\" data-id=\"363d0a2\" data-element_type=\"container\">\n\t\t\t\t\t<div class=\"e-con-inner\">\n\t\t<div class=\"elementor-element elementor-element-697a0ee e-con-full e-flex e-con e-child\" data-id=\"697a0ee\" data-element_type=\"container\">\n\t\t\t\t<div class=\"elementor-element elementor-element-2446e2f elementor-widget elementor-widget-heading\" data-id=\"2446e2f\" data-element_type=\"widget\" data-widget_type=\"heading.default\">\n\t\t\t\t<div class=\"elementor-widget-container\">\n\t\t\t\t\t<h2 class=\"elementor-heading-title elementor-size-default\">Unser Mehrwert<\/h2>\t\t\t\t<\/div>\n\t\t\t\t<\/div>\n\t\t\t\t<\/div>\n\t\t<div class=\"elementor-element elementor-element-7af3506 e-con-full e-flex e-con e-child\" data-id=\"7af3506\" data-element_type=\"container\">\n\t\t\t\t<div class=\"elementor-element elementor-element-b87693c elementor-widget elementor-widget-text-editor\" data-id=\"b87693c\" data-element_type=\"widget\" data-widget_type=\"text-editor.default\">\n\t\t\t\t<div class=\"elementor-widget-container\">\n\t\t\t\t\t\t\t\t\t<ul><li><strong>Strategische Pr\u00e4senz am Flughafen L\u00fcttich<\/strong>, in unmittelbarer N\u00e4he zu den Abfertigern, Zoll- und Veterin\u00e4rdiensten<\/li><li><strong>Tats\u00e4chliche Verf\u00fcgbarkeit rund um die Uhr (24\/7)<\/strong> mit pers\u00f6nlicher Betreuung<\/li><li><strong>Umfassende Beherrschung der gesetzlichen<\/strong>, gesundheitlichen und logistischen Anforderungen<\/li><li><strong>Enge Zusammenarbeit mit den Akteuren<\/strong> vor Ort f\u00fcr eine reibungslose und effiziente Koordination<\/li><\/ul>\t\t\t\t\t\t\t\t<\/div>\n\t\t\t\t<\/div>\n\t\t\t\t<\/div>\n\t\t\t\t\t<\/div>\n\t\t\t\t<\/div>\n\t\t<div class=\"elementor-element elementor-element-fbf018e e-flex e-con-boxed e-con e-parent\" data-id=\"fbf018e\" data-element_type=\"container\">\n\t\t\t\t\t<div class=\"e-con-inner\">\n\t\t\t\t<div class=\"elementor-element elementor-element-bea39d4 elementor-mobile-align-center elementor-align-center elementor-widget elementor-widget-button\" data-id=\"bea39d4\" data-element_type=\"widget\" data-widget_type=\"button.default\">\n\t\t\t\t<div class=\"elementor-widget-container\">\n\t\t\t\t\t\t\t\t\t<div class=\"elementor-button-wrapper\">\n\t\t\t\t\t<a class=\"elementor-button elementor-button-link elementor-size-sm\" href=\"https:\/\/lifeexpress.code-communication.be\/de\/unsere-dienstleistungen\/\">\n\t\t\t\t\t\t<span class=\"elementor-button-content-wrapper\">\n\t\t\t\t\t\t\t\t\t<span class=\"elementor-button-text\">Entdecken Sie unsere Dienstleistungen <\/span>\n\t\t\t\t\t<\/span>\n\t\t\t\t\t<\/a>\n\t\t\t\t<\/div>\n\t\t\t\t\t\t\t\t<\/div>\n\t\t\t\t<\/div>\n\t\t\t\t\t<\/div>\n\t\t\t\t<\/div>\n\t\t\t\t<\/div>\n\t\t","protected":false},"excerpt":{"rendered":"<p>Wer sind wir? Life Express SRL ist ein unabh\u00e4ngiges Unternehmen, das sich auf die administrative, gesundheitliche und zollrechtliche Abwicklung im Zusammenhang mit dem Lufttransport von lebenden Tieren und Produkten tierischen Ursprungs spezialisiert hat. Mit Sitz am Flughafen L\u00fcttich (Li\u00e8ge Airport) \u00fcbernehmen wir die Koordination der Import-\/Exportformalit\u00e4ten, die Erstellung der CHED, die Kontakte zu den offiziellen [&hellip;]<\/p>\n","protected":false},"author":1,"featured_media":427,"parent":0,"menu_order":0,"comment_status":"closed","ping_status":"closed","template":"","meta":{"footnotes":""},"class_list":["post-870","page","type-page","status-publish","has-post-thumbnail","hentry"],"_links":{"self":[{"href":"https:\/\/lifeexpress.code-communication.be\/de\/wp-json\/wp\/v2\/pages\/870","targetHints":{"allow":["GET"]}}],"collection":[{"href":"https:\/\/lifeexpress.code-communication.be\/de\/wp-json\/wp\/v2\/pages"}],"about":[{"href":"https:\/\/lifeexpress.code-communication.be\/de\/wp-json\/wp\/v2\/types\/page"}],"author":[{"embeddable":true,"href":"https:\/\/lifeexpress.code-communication.be\/de\/wp-json\/wp\/v2\/users\/1"}],"replies":[{"embeddable":true,"href":"https:\/\/lifeexpress.code-communication.be\/de\/wp-json\/wp\/v2\/comments?post=870"}],"version-history":[{"count":2,"href":"https:\/\/lifeexpress.code-communication.be\/de\/wp-json\/wp\/v2\/pages\/870\/revisions"}],"predecessor-version":[{"id":877,"href":"https:\/\/lifeexpress.code-communication.be\/de\/wp-json\/wp\/v2\/pages\/870\/revisions\/877"}],"wp:featuredmedia":[{"embeddable":true,"href":"https:\/\/lifeexpress.code-communication.be\/de\/wp-json\/wp\/v2\/media\/427"}],"wp:attachment":[{"href":"https:\/\/lifeexpress.code-communication.be\/de\/wp-json\/wp\/v2\/media?parent=870"}],"curies":[{"name":"wp","href":"https:\/\/api.w.org\/{rel}","templated":true}]}}